{"id":13,"date":"2018-07-24T09:03:14","date_gmt":"2018-07-24T09:03:14","guid":{"rendered":"http:\/\/wp.ludwigelektroanlagen.de\/?page_id=13"},"modified":"2018-07-31T12:20:33","modified_gmt":"2018-07-31T12:20:33","slug":"leistungen","status":"publish","type":"page","link":"https:\/\/www.ludwigelektroanlagen.de\/?page_id=13","title":{"rendered":"Leistungen"},"content":{"rendered":"<ul>\n<li>Ausf\u00fchrung von Installationsarbeiten<\/li>\n<li>Montage und Wartung von Rauchwarnmeldern<\/li>\n<li>\u00dcberpr\u00fcfung und Wartung von Elektroanlagen nach VDE und DGUV<\/li>\n<li>Montage und Wartung von Alarm-und \u00dcberwachungsanlagen<\/li>\n<li>\u00dcberpr\u00fcfung und Wartung von Elektroger\u00e4ten nach VDE und DGUV<\/li>\n<li>Erstellen und \u00dcberpr\u00fcfung von Datennetzwerken<\/li>\n<li>Energieversorgung und \u00dcberwachung von Gro\u00dfveranstaltungen<\/li>\n<li>Verleih von Stromverteilern, Kabel, Kabelpritschen, Kamera\u00fcberwachung und Adapter<\/li>\n<li>Montage von Kamera\u00fcberwachungen mit Liveschaltungen<\/li>\n<\/ul>\n","protected":false},"excerpt":{"rendered":"<p>Ausf\u00fchrung von Installationsarbeiten Montage und Wartung von Rauchwarnmeldern \u00dcberpr\u00fcfung und Wartung von Elektroanlagen nach VDE und DGUV Montage und Wartung von Alarm-und \u00dcberwachungsanlagen \u00dcberpr\u00fcfung und Wartung von Elektroger\u00e4ten nach VDE und DGUV Erstellen und \u00dcberpr\u00fcfung von Datennetzwerken Energieversorgung und \u00dcberwachung von Gro\u00dfveranstaltungen Verleih von Stromverteilern, Kabel, Kabelpritschen, Kamera\u00fcberwachung und Adapter Montage von Kamera\u00fcberwachungen mit Liveschaltungen<\/p>\n","protected":false},"author":1,"featured_media":0,"parent":0,"menu_order":0,"comment_status":"closed","ping_status":"closed","template":"","meta":[],"_links":{"self":[{"href":"https:\/\/www.ludwigelektroanlagen.de\/index.php?rest_route=\/wp\/v2\/pages\/13"}],"collection":[{"href":"https:\/\/www.ludwigelektroanlagen.de\/index.php?rest_route=\/wp\/v2\/pages"}],"about":[{"href":"https:\/\/www.ludwigelektroanlagen.de\/index.php?rest_route=\/wp\/v2\/types\/page"}],"author":[{"embeddable":true,"href":"https:\/\/www.ludwigelektroanlagen.de\/index.php?rest_route=\/wp\/v2\/users\/1"}],"replies":[{"embeddable":true,"href":"https:\/\/www.ludwigelektroanlagen.de\/index.php?rest_route=%2Fwp%2Fv2%2Fcomments&post=13"}],"version-history":[{"count":1,"href":"https:\/\/www.ludwigelektroanlagen.de\/index.php?rest_route=\/wp\/v2\/pages\/13\/revisions"}],"predecessor-version":[{"id":14,"href":"https:\/\/www.ludwigelektroanlagen.de\/index.php?rest_route=\/wp\/v2\/pages\/13\/revisions\/14"}],"wp:attachment":[{"href":"https:\/\/www.ludwigelektroanlagen.de\/index.php?rest_route=%2Fwp%2Fv2%2Fmedia&parent=13"}],"curies":[{"name":"wp","href":"https:\/\/api.w.org\/{rel}","templated":true}]}}