{"id":31,"date":"2018-07-24T09:42:48","date_gmt":"2018-07-24T09:42:48","guid":{"rendered":"http:\/\/wp.ludwigelektroanlagen.de\/?page_id=31"},"modified":"2018-07-24T09:42:48","modified_gmt":"2018-07-24T09:42:48","slug":"ueber-uns","status":"publish","type":"page","link":"https:\/\/www.ludwigelektroanlagen.de\/?page_id=31","title":{"rendered":"\u00dcber uns"},"content":{"rendered":"<p>Die Firma <strong>Ludwig-Elektroanlagen GmbH<\/strong> wurde am 12.07.1988 von den Br\u00fcdern Michael und Andreas Ludwig in Karlsruhe gegr\u00fcndet. In diesem Betrieb werden Elektroinstallationen bei Privatpersonen durchgef\u00fchrt. Im Laufe der Firmenentwicklung hat Michael Ludwig den Betrieb als alleiniger Gesch\u00e4ftsf\u00fchrer \u00fcbernommen und sich als Dienstleister auf Veranstaltungen wie Weihnachtsm\u00e4rkten, Jahrm\u00e4rkten, Konzerten und Messen in Baden-W\u00fcrttemberg spezialisiert. <a href=\"#_ftn1\" name=\"_ftnref1\"><\/a><\/p>\n<p>&nbsp;<\/p>\n","protected":false},"excerpt":{"rendered":"<p>Die Firma Ludwig-Elektroanlagen GmbH wurde am 12.07.1988 von den Br\u00fcdern Michael und Andreas Ludwig in Karlsruhe gegr\u00fcndet. In diesem Betrieb werden Elektroinstallationen bei Privatpersonen durchgef\u00fchrt. Im Laufe der Firmenentwicklung hat Michael Ludwig den Betrieb als alleiniger Gesch\u00e4ftsf\u00fchrer \u00fcbernommen und sich als Dienstleister auf Veranstaltungen wie Weihnachtsm\u00e4rkten, Jahrm\u00e4rkten, Konzerten und Messen in Baden-W\u00fcrttemberg spezialisiert. &nbsp;<\/p>\n","protected":false},"author":1,"featured_media":0,"parent":0,"menu_order":0,"comment_status":"closed","ping_status":"closed","template":"","meta":[],"_links":{"self":[{"href":"https:\/\/www.ludwigelektroanlagen.de\/index.php?rest_route=\/wp\/v2\/pages\/31"}],"collection":[{"href":"https:\/\/www.ludwigelektroanlagen.de\/index.php?rest_route=\/wp\/v2\/pages"}],"about":[{"href":"https:\/\/www.ludwigelektroanlagen.de\/index.php?rest_route=\/wp\/v2\/types\/page"}],"author":[{"embeddable":true,"href":"https:\/\/www.ludwigelektroanlagen.de\/index.php?rest_route=\/wp\/v2\/users\/1"}],"replies":[{"embeddable":true,"href":"https:\/\/www.ludwigelektroanlagen.de\/index.php?rest_route=%2Fwp%2Fv2%2Fcomments&post=31"}],"version-history":[{"count":1,"href":"https:\/\/www.ludwigelektroanlagen.de\/index.php?rest_route=\/wp\/v2\/pages\/31\/revisions"}],"predecessor-version":[{"id":32,"href":"https:\/\/www.ludwigelektroanlagen.de\/index.php?rest_route=\/wp\/v2\/pages\/31\/revisions\/32"}],"wp:attachment":[{"href":"https:\/\/www.ludwigelektroanlagen.de\/index.php?rest_route=%2Fwp%2Fv2%2Fmedia&parent=31"}],"curies":[{"name":"wp","href":"https:\/\/api.w.org\/{rel}","templated":true}]}}