{"id":5,"date":"2018-07-18T07:06:23","date_gmt":"2018-07-18T07:06:23","guid":{"rendered":"http:\/\/wp.ludwigelektroanlagen.de\/?page_id=5"},"modified":"2018-07-31T12:05:08","modified_gmt":"2018-07-31T12:05:08","slug":"impressum","status":"publish","type":"page","link":"https:\/\/www.ludwigelektroanlagen.de\/?page_id=5","title":{"rendered":"Impressum"},"content":{"rendered":"<h2>Impressum<\/h2>\n<p>Ludwig Elektroanlagen GmbH<br \/>\nMahlbergstr. 4<br \/>76189 Karlsruhe<\/p>\n<p>Telefon: +49 721 957 3620<br \/>\nTelefax: +49 721 957 3672<br \/>\nE-Mail: <a href=\"mailto:info@ludwigelektroanlagen.de\">info@ludwigelektroanlagen.de<\/a>\n<\/p>\n<p><strong>Vertreten durch:<\/strong><br \/>Michael Ludwig<\/p>\n<p><strong>Registereintrag:<\/strong><br \/>Eingetragen im Handelsregister.<br \/>Registergericht: Mannheim<br \/>Registernummer: HRB 104946<\/p>\n<p><strong>Umsatzsteuer-ID: <\/strong><br \/>Umsatzsteuer-Identifikationsnummer nach \u00a727a Umsatzsteuergesetz:<br \/>DE 143600045<\/p>\n<p><\/p>\n<h2>Hinweis gem\u00e4\u00df Online-Streitbeilegungs-Verordnung<\/h2>\n<p>Nach geltendem Recht sind wir verpflichtet, Verbraucher auf die Existenz der Europ\u00e4ischen Online-Streitbeilegungs-Plattform hinzuweisen, die f\u00fcr die Beilegung von Streitigkeiten genutzt werden kann, ohne dass ein Gericht eingeschaltet werden muss. F\u00fcr die Einrichtung der Plattform ist die Europ\u00e4ische Kommission zust\u00e4ndig. Die Europ\u00e4ische Online-Streitbeilegungs-Plattform ist hier zu finden: <a href=\"http:\/\/ec.europa.eu\/odr\" target=\"_blank\" rel=\"nofollow\">http:\/\/ec.europa.eu\/odr<\/a>. Unsere E-Mail lautet: <a href=\"mailto:info@ludwigelektroanlagen.de\">info@ludwigelektroanlagen.de<\/a><\/p>\n<p>Wir weisen aber darauf hin, dass wir nicht bereit sind, uns am Streitbeilegungsverfahren im Rahmen der Europ\u00e4ischen Online-Streitbeilegungs-Plattform zu beteiligen. Nutzen Sie zur Kontaktaufnahme bitte unsere obige E-Mail und Telefonnummer.<\/p>\n<p><\/p>\n<h2>Hinweis gem\u00e4\u00df Verbraucherstreitbeilegungsgesetz (VSBG)<\/h2>\n<p>Wir sind nicht bereit und verpflichtet, an Streitbeilegungsverfahren vor einer Verbraucherschlichtungsstelle teilzunehmen.<\/p>\n","protected":false},"excerpt":{"rendered":"<p>Impressum Ludwig Elektroanlagen GmbH Mahlbergstr. 476189 Karlsruhe Telefon: +49 721 957 3620 Telefax: +49 721 957 3672 E-Mail: info@ludwigelektroanlagen.de Vertreten durch:Michael Ludwig Registereintrag:Eingetragen im Handelsregister.Registergericht: MannheimRegisternummer: HRB 104946 Umsatzsteuer-ID: Umsatzsteuer-Identifikationsnummer nach \u00a727a Umsatzsteuergesetz:DE 143600045 Hinweis gem\u00e4\u00df Online-Streitbeilegungs-Verordnung Nach geltendem Recht sind wir verpflichtet, Verbraucher auf die Existenz der Europ\u00e4ischen Online-Streitbeilegungs-Plattform hinzuweisen, die f\u00fcr die Beilegung [&hellip;]<\/p>\n","protected":false},"author":2,"featured_media":0,"parent":0,"menu_order":0,"comment_status":"closed","ping_status":"closed","template":"full-width-page.php","meta":[],"_links":{"self":[{"href":"https:\/\/www.ludwigelektroanlagen.de\/index.php?rest_route=\/wp\/v2\/pages\/5"}],"collection":[{"href":"https:\/\/www.ludwigelektroanlagen.de\/index.php?rest_route=\/wp\/v2\/pages"}],"about":[{"href":"https:\/\/www.ludwigelektroanlagen.de\/index.php?rest_route=\/wp\/v2\/types\/page"}],"author":[{"embeddable":true,"href":"https:\/\/www.ludwigelektroanlagen.de\/index.php?rest_route=\/wp\/v2\/users\/2"}],"replies":[{"embeddable":true,"href":"https:\/\/www.ludwigelektroanlagen.de\/index.php?rest_route=%2Fwp%2Fv2%2Fcomments&post=5"}],"version-history":[{"count":1,"href":"https:\/\/www.ludwigelektroanlagen.de\/index.php?rest_route=\/wp\/v2\/pages\/5\/revisions"}],"predecessor-version":[{"id":6,"href":"https:\/\/www.ludwigelektroanlagen.de\/index.php?rest_route=\/wp\/v2\/pages\/5\/revisions\/6"}],"wp:attachment":[{"href":"https:\/\/www.ludwigelektroanlagen.de\/index.php?rest_route=%2Fwp%2Fv2%2Fmedia&parent=5"}],"curies":[{"name":"wp","href":"https:\/\/api.w.org\/{rel}","templated":true}]}}